{"id":454,"date":"2025-02-12T00:21:14","date_gmt":"2025-02-11T23:21:14","guid":{"rendered":"https:\/\/humcor.snlt.es\/en\/?page_id=454"},"modified":"2025-12-30T19:39:43","modified_gmt":"2025-12-30T18:39:43","slug":"estadisticas","status":"publish","type":"page","link":"https:\/\/humcor.snlt.es\/gl\/estadisticas\/","title":{"rendered":"Estat\u00edsticas"},"content":{"rendered":"<div id=\"pl-454\"  class=\"panel-layout\" ><div id=\"pg-454-0\"  class=\"panel-grid panel-has-style\" ><div class=\"panel-row-style panel-row-style-for-454-0\" ><div id=\"pgc-454-0-0\"  class=\"panel-grid-cell\" ><div id=\"panel-454-0-0-0\" class=\"so-panel widget widget_sow-image panel-first-child\" data-index=\"0\" ><div\n\t\t\t\n\t\t\tclass=\"so-widget-sow-image so-widget-sow-image-default-c67d20f9f743-454\"\n\t\t\t\n\t\t>\n<div class=\"sow-image-container\">\n\t\t<img \n\tsrc=\"https:\/\/humcor.snlt.es\/wp-content\/uploads\/2025\/02\/chistes.svg\" width=\"100\" height=\"100\" sizes=\"(max-width: 286px) 100vw, 286px\" alt=\"\" \t\tclass=\"so-widget-image\"\/>\n\t<\/div>\n\n<\/div><\/div><div id=\"panel-454-0-0-1\" class=\"so-panel widget widget_sow-editor panel-last-child\" data-index=\"1\" ><div\n\t\t\t\n\t\t\tclass=\"so-widget-sow-editor so-widget-sow-editor-base\"\n\t\t\t\n\t\t>\n<div class=\"siteorigin-widget-tinymce textwidget\">\n\t<p><span class=\"conteo\">20<span style=\"width: 6px;display: inline-block;\"><\/span>030<br \/>\n<\/span><span class=\"conteo-texto\">mostras<\/span><\/p>\n<\/div>\n<\/div><\/div><\/div><div id=\"pgc-454-0-1\"  class=\"panel-grid-cell\" ><div id=\"panel-454-0-1-0\" class=\"so-panel widget widget_sow-image panel-first-child\" data-index=\"2\" ><div\n\t\t\t\n\t\t\tclass=\"so-widget-sow-image so-widget-sow-image-default-c67d20f9f743-454\"\n\t\t\t\n\t\t>\n<div class=\"sow-image-container\">\n\t\t<img \n\tsrc=\"https:\/\/humcor.snlt.es\/wp-content\/uploads\/2025\/02\/humoristas-hm.svg\" width=\"100\" height=\"100\" sizes=\"(max-width: 283px) 100vw, 283px\" alt=\"\" \t\tclass=\"so-widget-image\"\/>\n\t<\/div>\n\n<\/div><\/div><div id=\"panel-454-0-1-1\" class=\"so-panel widget widget_sow-editor panel-last-child\" data-index=\"3\" ><div\n\t\t\t\n\t\t\tclass=\"so-widget-sow-editor so-widget-sow-editor-base\"\n\t\t\t\n\t\t>\n<div class=\"siteorigin-widget-tinymce textwidget\">\n\t<p><span class=\"conteo\">+ 1035<br \/>\n<\/span><span class=\"conteo-texto\">humoristas<\/span><\/p>\n<\/div>\n<\/div><\/div><\/div><div id=\"pgc-454-0-2\"  class=\"panel-grid-cell\" ><div id=\"panel-454-0-2-0\" class=\"so-panel widget widget_sow-image panel-first-child\" data-index=\"4\" ><div\n\t\t\t\n\t\t\tclass=\"so-widget-sow-image so-widget-sow-image-default-c67d20f9f743-454\"\n\t\t\t\n\t\t>\n<div class=\"sow-image-container\">\n\t\t<img \n\tsrc=\"https:\/\/humcor.snlt.es\/wp-content\/uploads\/2025\/02\/mundo.svg\" width=\"100\" height=\"100\" sizes=\"(max-width: 283px) 100vw, 283px\" alt=\"\" \t\tclass=\"so-widget-image\"\/>\n\t<\/div>\n\n<\/div><\/div><div id=\"panel-454-0-2-1\" class=\"so-panel widget widget_sow-editor panel-last-child\" data-index=\"5\" ><div\n\t\t\t\n\t\t\tclass=\"so-widget-sow-editor so-widget-sow-editor-base\"\n\t\t\t\n\t\t>\n<div class=\"siteorigin-widget-tinymce textwidget\">\n\t<p><span class=\"conteo\">26<br \/>\n<\/span><span class=\"conteo-texto\">pa\u00edses<\/span><\/p>\n<\/div>\n<\/div><\/div><\/div><div id=\"pgc-454-0-3\"  class=\"panel-grid-cell\" ><div id=\"panel-454-0-3-0\" class=\"so-panel widget widget_sow-image panel-first-child\" data-index=\"6\" ><div\n\t\t\t\n\t\t\tclass=\"so-widget-sow-image so-widget-sow-image-default-c67d20f9f743-454\"\n\t\t\t\n\t\t>\n<div class=\"sow-image-container\">\n\t\t<img \n\tsrc=\"https:\/\/humcor.snlt.es\/wp-content\/uploads\/2025\/02\/vhs.svg\" width=\"100\" height=\"100\" sizes=\"(max-width: 283px) 100vw, 283px\" alt=\"\" \t\tclass=\"so-widget-image\"\/>\n\t<\/div>\n\n<\/div><\/div><div id=\"panel-454-0-3-1\" class=\"so-panel widget widget_sow-editor panel-last-child\" data-index=\"7\" ><div\n\t\t\t\n\t\t\tclass=\"so-widget-sow-editor so-widget-sow-editor-base\"\n\t\t\t\n\t\t>\n<div class=\"siteorigin-widget-tinymce textwidget\">\n\t<p><span class=\"conteo\">+ 210<br \/>\n<\/span><span class=\"conteo-texto\">programas<\/span><\/p>\n<\/div>\n<\/div><\/div><\/div><\/div><\/div><div id=\"pg-454-1\"  class=\"panel-grid panel-no-style\" ><div id=\"pgc-454-1-0\"  class=\"panel-grid-cell\" ><div id=\"panel-454-1-0-0\" class=\"so-panel widget widget_sow-image panel-first-child\" data-index=\"8\" ><div\n\t\t\t\n\t\t\tclass=\"so-widget-sow-image so-widget-sow-image-default-c67d20f9f743-454\"\n\t\t\t\n\t\t>\n<div class=\"sow-image-container\">\n\t\t<img \n\tsrc=\"https:\/\/humcor.snlt.es\/wp-content\/uploads\/2025\/02\/chiste.svg\" width=\"100\" height=\"100\" sizes=\"(max-width: 283px) 100vw, 283px\" alt=\"\" \t\tclass=\"so-widget-image\"\/>\n\t<\/div>\n\n<\/div><\/div><div id=\"panel-454-1-0-1\" class=\"so-panel widget widget_sow-editor panel-last-child\" data-index=\"9\" ><div\n\t\t\t\n\t\t\tclass=\"so-widget-sow-editor so-widget-sow-editor-base\"\n\t\t\t\n\t\t>\n<div class=\"siteorigin-widget-tinymce textwidget\">\n\t<p><span class=\"conteo\">15<span style=\"width: 6px;display: inline-block;\"><\/span>470<br \/>\n<\/span><span class=\"conteo-texto\">chistes<\/span><\/p>\n<\/div>\n<\/div><\/div><\/div><div id=\"pgc-454-1-1\"  class=\"panel-grid-cell\" ><div id=\"panel-454-1-1-0\" class=\"so-panel widget widget_sow-image panel-first-child\" data-index=\"10\" ><div\n\t\t\t\n\t\t\tclass=\"so-widget-sow-image so-widget-sow-image-default-c67d20f9f743-454\"\n\t\t\t\n\t\t>\n<div class=\"sow-image-container\">\n\t\t<img \n\tsrc=\"https:\/\/humcor.snlt.es\/wp-content\/uploads\/2025\/02\/sketches.svg\" width=\"100\" height=\"100\" sizes=\"(max-width: 283px) 100vw, 283px\" alt=\"\" \t\tclass=\"so-widget-image\"\/>\n\t<\/div>\n\n<\/div><\/div><div id=\"panel-454-1-1-1\" class=\"so-panel widget widget_sow-editor panel-last-child\" data-index=\"11\" ><div\n\t\t\t\n\t\t\tclass=\"so-widget-sow-editor so-widget-sow-editor-base\"\n\t\t\t\n\t\t>\n<div class=\"siteorigin-widget-tinymce textwidget\">\n\t<p><span class=\"conteo\">3079<br \/>\n<\/span><span class=\"conteo-texto\"><em>sketches<\/em><\/span><\/p>\n<\/div>\n<\/div><\/div><\/div><div id=\"pgc-454-1-2\"  class=\"panel-grid-cell\" ><div id=\"panel-454-1-2-0\" class=\"so-panel widget widget_sow-image panel-first-child\" data-index=\"12\" ><div\n\t\t\t\n\t\t\tclass=\"so-widget-sow-image so-widget-sow-image-default-c67d20f9f743-454\"\n\t\t\t\n\t\t>\n<div class=\"sow-image-container\">\n\t\t<img \n\tsrc=\"https:\/\/humcor.snlt.es\/wp-content\/uploads\/2025\/02\/monologos.svg\" width=\"100\" height=\"100\" sizes=\"(max-width: 283px) 100vw, 283px\" alt=\"\" \t\tclass=\"so-widget-image\"\/>\n\t<\/div>\n\n<\/div><\/div><div id=\"panel-454-1-2-1\" class=\"so-panel widget widget_sow-editor panel-last-child\" data-index=\"13\" ><div\n\t\t\t\n\t\t\tclass=\"so-widget-sow-editor so-widget-sow-editor-base\"\n\t\t\t\n\t\t>\n<div class=\"siteorigin-widget-tinymce textwidget\">\n\t<p><span class=\"conteo\">1300<br \/>\n<\/span><span class=\"conteo-texto\">mon\u00f3logos<\/span><\/p>\n<\/div>\n<\/div><\/div><\/div><div id=\"pgc-454-1-3\"  class=\"panel-grid-cell\" ><div id=\"panel-454-1-3-0\" class=\"so-panel widget widget_sow-image panel-first-child\" data-index=\"14\" ><div\n\t\t\t\n\t\t\tclass=\"so-widget-sow-image so-widget-sow-image-default-c67d20f9f743-454\"\n\t\t\t\n\t\t>\n<div class=\"sow-image-container\">\n\t\t<img \n\tsrc=\"https:\/\/humcor.snlt.es\/wp-content\/uploads\/2025\/02\/ventrilocuo.svg\" width=\"100\" height=\"100\" sizes=\"(max-width: 283px) 100vw, 283px\" alt=\"\" \t\tclass=\"so-widget-image\"\/>\n\t<\/div>\n\n<\/div><\/div><div id=\"panel-454-1-3-1\" class=\"so-panel widget widget_sow-editor panel-last-child\" data-index=\"15\" ><div\n\t\t\t\n\t\t\tclass=\"so-widget-sow-editor so-widget-sow-editor-base\"\n\t\t\t\n\t\t>\n<div class=\"siteorigin-widget-tinymce textwidget\">\n\t<p><span class=\"conteo\">181<br \/>\n<\/span><span class=\"conteo-texto\">ventr\u00edlocuos<\/span><\/p>\n<\/div>\n<\/div><\/div><\/div><\/div><div id=\"pg-454-2\"  class=\"panel-grid panel-has-style\" ><div class=\"estadisticas panel-row-style panel-row-style-for-454-2\" ><div id=\"pgc-454-2-0\"  class=\"panel-grid-cell\" ><div id=\"panel-454-2-0-0\" class=\"so-panel widget widget_sow-editor panel-first-child panel-last-child\" data-index=\"16\" ><div\n\t\t\t\n\t\t\tclass=\"so-widget-sow-editor so-widget-sow-editor-base\"\n\t\t\t\n\t\t><h3 class=\"widget-title\">% de distribuci\u00f3n de mostras<\/h3>\n<div class=\"siteorigin-widget-tinymce textwidget\">\n\t    <div id=\"grafica_chistes\" style=\"width: 100%; height: auto;\"><\/div>\n    <script type=\"text\/javascript\" src=\"https:\/\/www.gstatic.com\/charts\/loader.js\"><\/script>\n    <script type=\"text\/javascript\">\n      google.charts.load(\"current\", {packages:[\"corechart\"]});\n      google.charts.setOnLoadCallback(drawChart);\n      function drawChart() {\n        var data = google.visualization.arrayToDataTable([\n          ['Pais', 'Porcentaje'],\n          ['Venezuela', 4.64],['Chile', 4.08],['Honduras', 0.13],['Nicaragua', 0.06],['Guatemala', 0.20],['Paraguay', 0.01],['El Salvador', 0.03],['Panam\u00e1', 0.08],['Guinea Ecuatorial', 0.03],['Bolivia', 0.09],['Ecuador', 0.09],['Uruguay', 0.35],['Serbia', 0.01],['Espa\u00f1a', 50.57],['Costa Rica', 0.33],['Colombia', 5.33],['M\u00e9xico', 4.24],['Per\u00fa', 0.77],['Estados Unidos de Am\u00e9rica', 0.01],['Egipto', 0.01],['Italia', 0.05],['Cuba', 2.89],['Republica Dominicana', 0.68],['Argentina', 25.40]        ]);\n\n        var options = {\n          title: 'Distribuci\u00f3n de chistes por pa\u00eds',\n\t\t  sliceVisibilityThreshold: 0,\n          pieHole: 0.4,\n           colors: [\"#005465\",\"#9eecfb\",\"#04b4d7\",\"#ff0000\",\"#2ecc71\",\"#9b59b6\",\"#f39c12\",\"#8e5d2c\",\"#e67e22\",\"#1abc9c\",\"#2980b9\",\"#34495e\",\"#c0392b\",\"#d35400\",\"#f1c40f\",\"#16a085\",\"#27ae60\",\"#8e44ad\",\"#ecf0f1\",\"#bdc3c7\",\"#7f8c8d\",\"#ff7979\",\"#badc58\",\"#686de0\"],\n                         chartArea: {\n                            left: 0,\n                            top: 0,\n                            width: '100%',\n                            height: '100%'\n                        },\n                        pieSliceText: 'none',\n                        legend: {\n                            position: 'labeled'\n                        },\n                        pieSliceTextStyle: {\n                            color: 'black',   \n                            fontSize: 8       \n                        }\n        };\n\n        var chart = new google.visualization.PieChart(document.getElementById('grafica_chistes'));\n        chart.draw(data, options);\n      }\n    <\/script>\n    \n<\/div>\n<\/div><\/div><\/div><div id=\"pgc-454-2-1\"  class=\"panel-grid-cell\" ><div id=\"panel-454-2-1-0\" class=\"so-panel widget widget_sow-editor panel-first-child panel-last-child\" data-index=\"17\" ><div\n\t\t\t\n\t\t\tclass=\"so-widget-sow-editor so-widget-sow-editor-base\"\n\t\t\t\n\t\t><h3 class=\"widget-title\">Mostras por d\u00e9cadas<\/h3>\n<div class=\"siteorigin-widget-tinymce textwidget\">\n\t    <div id=\"grafica_chistes_decadas\" style=\"width: 100%; height: 220px;\"><\/div>\n    <script type=\"text\/javascript\" src=\"https:\/\/www.gstatic.com\/charts\/loader.js\"><\/script>\n    <script type=\"text\/javascript\">\n      google.charts.load(\"current\", {packages:[\"corechart\"]});\n      google.charts.setOnLoadCallback(drawChartDecadas);\n      function drawChartDecadas() {\n        var data = google.visualization.arrayToDataTable([\n          ['D\u00e9cada', 'Total'],\n          ['1900s', 16],['1910s', 37],['1920s', 22],['1930s', 20],['1940s', 2],['1950s', 46],['1960s', 253],['1970s', 1505],['1980s', 5219],['1990s', 3273],['2000s', 2863],['2010s', 4768],['2020s', 2006]        ]);\n\n        var options = {\n          title: '',                  \/\/ sin t\u00edtulo\n          bars: 'horizontal',\n          legend: { position: 'none' },\n          chartArea: {\n                            left: 50,\n                            top: 0,\n                            width: '100%',\n                            height: '92%'\n                        },\n          hAxis: { title: '', ticks: [0, 1000, 2000, 3000, 4000, 5000] },\n          vAxis: { title: '' },\n\t\t  colors: ['#04b4d7', '#dc3912', '#ff9900', '#109618', '#990099'] \n        };\n\n        var chart = new google.visualization.BarChart(document.getElementById('grafica_chistes_decadas'));\n        chart.draw(data, options);\n      }\n    <\/script>\n    \n<\/div>\n<\/div><\/div><\/div><\/div><\/div><div id=\"pg-454-3\"  class=\"panel-grid panel-has-style\" ><div class=\"estadisticas panel-row-style panel-row-style-for-454-3\" ><div id=\"pgc-454-3-0\"  class=\"panel-grid-cell\" ><div id=\"panel-454-3-0-0\" class=\"so-panel widget widget_sow-editor panel-first-child panel-last-child\" data-index=\"18\" ><div\n\t\t\t\n\t\t\tclass=\"so-widget-sow-editor so-widget-sow-editor-base\"\n\t\t\t\n\t\t><h3 class=\"widget-title\">% de mostras por idade<\/h3>\n<div class=\"siteorigin-widget-tinymce textwidget\">\n\t    <div id=\"grafica_chistes_edades\" style=\"width: 100%; height: auto;\"><\/div>\n    <script type=\"text\/javascript\" src=\"https:\/\/www.gstatic.com\/charts\/loader.js\"><\/script>\n    <script type=\"text\/javascript\">\n      google.charts.load(\"current\", {packages:[\"corechart\"]});\n      google.charts.setOnLoadCallback(drawChartEdades);\n      function drawChartEdades() {\n        var data = google.visualization.arrayToDataTable([\n          ['Edad', 'Porcentaje'],\n          ['JOVEN', 7.65],['ADULTO', 90.29],['MAYOR', 2.06]        ]);\n\n        var options = {\n          title: '',                     \/\/ sin t\u00edtulo\n          pieHole: 0.4,                  \/\/ donut\n          pieSliceText: 'none',          \/\/ sin texto dentro\n          legend: { position: 'labeled' }, \/\/ etiquetas externas con l\u00edneas\n          colors: [\"#005465\",\"#04b4d7\",\"#9eecfb\"],\n\t\t  chartArea: {\n\t\t\t\t\tleft: 0,\n\t\t\t\t\ttop: 0,\n\t\t\t\t\twidth: '100%',\n\t\t\t\t\theight: '100%'\n\t\t\t\t},\n\t\t  pieSliceTextStyle: {\n\t\t\t\t\tcolor: 'black',   \n\t\t\t\t\tfontSize: 8       \n\t\t\t\t}\n        };\n\n        var chart = new google.visualization.PieChart(document.getElementById('grafica_chistes_edades'));\n        chart.draw(data, options);\n      }\n    <\/script>\n    \n<\/div>\n<\/div><\/div><\/div><div id=\"pgc-454-3-1\"  class=\"panel-grid-cell\" ><div id=\"panel-454-3-1-0\" class=\"so-panel widget widget_sow-editor panel-first-child panel-last-child\" data-index=\"19\" ><div\n\t\t\t\n\t\t\tclass=\"so-widget-sow-editor so-widget-sow-editor-base\"\n\t\t\t\n\t\t><h3 class=\"widget-title\">Mostras por sexo<\/h3>\n<div class=\"siteorigin-widget-tinymce textwidget\">\n\t    <div id=\"grafica_chistes_sexo\" style=\"width: 100%; height: 220px;\"><\/div>\n    <script type=\"text\/javascript\" src=\"https:\/\/www.gstatic.com\/charts\/loader.js\"><\/script>\n    <script type=\"text\/javascript\">\n      google.charts.load(\"current\", {packages:[\"corechart\"]});\n      google.charts.setOnLoadCallback(drawChartSexo);\n      function drawChartSexo() {\n        var data = google.visualization.arrayToDataTable([\n          ['Sexo', 'Porcentaje'],\n          ['Mujer', 8.81],['Hombre', 91.19]        ]);\n\n        \/\/ Asignar colores por fila\n        var view = new google.visualization.DataView(data);\n        view.setColumns([0, 1, {\n          calc: function (dt, row) {\n            \/\/ Hombre azul, Mujer rojo\n            return (dt.getValue(row, 0) === 'Hombre') ? '#005465' : '#04b4d7';\n          },\n          type: 'string',\n          role: 'style'\n        }]);\n\n        var options = {\n          title: '',\n          bars: 'horizontal',\n          legend: { position: 'none' },\n          chartArea: {\n                            left: 50,\n                            top: 0,\n                            width: '100%',\n                            height: '92%'\n                        },\n          hAxis: { title: '', minValue: 0, maxValue: 100, ticks: [0, 10, 20, 30, 40, 50, 60, 70, 80, 90, 100] },\n          vAxis: { title: '' }\n        };\n\n        var chart = new google.visualization.BarChart(document.getElementById('grafica_chistes_sexo'));\n        chart.draw(view, options);\n      }\n    <\/script>\n    \n<\/div>\n<\/div><\/div><\/div><\/div><\/div><div id=\"pg-454-4\"  class=\"panel-grid panel-has-style\" ><div class=\"estadisticas panel-row-style panel-row-style-for-454-4\" ><div id=\"pgc-454-4-0\"  class=\"panel-grid-cell\" ><div id=\"panel-454-4-0-0\" class=\"so-panel widget widget_sow-editor panel-first-child panel-last-child\" data-index=\"20\" ><div\n\t\t\t\n\t\t\tclass=\"so-widget-sow-editor so-widget-sow-editor-base\"\n\t\t\t\n\t\t><h3 class=\"widget-title\">% de mostras por sexo en Espa\u00f1a<\/h3>\n<div class=\"siteorigin-widget-tinymce textwidget\">\n\t    <div id=\"grafica_chistes_sexo_lineas\" style=\"width: 100%; height: 250px;\"><\/div>\n    <script type=\"text\/javascript\">\n      google.charts.load(\"current\", {packages:[\"corechart\"]});\n      google.charts.setOnLoadCallback(drawChartSexoLineas);\n      function drawChartSexoLineas() {\n        var data = google.visualization.arrayToDataTable([\n          ['D\u00e9cada', 'Hombres', 'Mujeres'],\n          ['1900s', 0.07, 0.00],['1910s', 0.10, 0.01],['1920s', 0.09, 0.00],['1930s', 0.09, 0.01],['1940s', 0.01, 0.00],['1950s', 0.23, 0.00],['1960s', 0.60, 0.05],['1970s', 4.09, 0.14],['1980s', 20.54, 0.78],['1990s', 10.30, 0.57],['2000s', 6.79, 2.09],['2010s', 2.91, 0.65],['2020s', 2.56, 0.60]        ]);\n\n        var options = {\n\t\ttitle: '',\n\t\tcurveType: 'function',\n\t\tlegend: { position: 'bottom' },\n\t\tchartArea: { left: 40, top: 10, width: '85%', height: '70%' },\n\t\thAxis: { title: '' },\n\t\tvAxis: { \n\t\t\ttitle: '',\n\t\t\tviewWindow: { min: 0, max: 25 },\n\t\t\tticks: [0, 5, 10, 15, 20, 25]\n\t\t},\n\t\tcolors: ['#005465', '#dc3912'],\n\t\tpointSize: 5\n\t\t};\n\n        var chart = new google.visualization.LineChart(document.getElementById('grafica_chistes_sexo_lineas'));\n        chart.draw(data, options);\n      }\n    <\/script>\n    \n<\/div>\n<\/div><\/div><\/div><div id=\"pgc-454-4-1\"  class=\"panel-grid-cell\" ><div id=\"panel-454-4-1-0\" class=\"so-panel widget widget_sow-editor panel-first-child panel-last-child\" data-index=\"21\" ><div\n\t\t\t\n\t\t\tclass=\"so-widget-sow-editor so-widget-sow-editor-base\"\n\t\t\t\n\t\t><h3 class=\"widget-title\">% de mostras por sexo en Am\u00e9rica Latina<\/h3>\n<div class=\"siteorigin-widget-tinymce textwidget\">\n\t    <div id=\"grafica_chistes_sexo_lineas_hispano\" style=\"width: 100%; height: 250px;\"><\/div>\n    <script type=\"text\/javascript\">\n      google.charts.load(\"current\", {packages:[\"corechart\"]});\n      google.charts.setOnLoadCallback(drawChartSexoLineasHispano);\n      function drawChartSexoLineasHispano() {\n        var data = google.visualization.arrayToDataTable([\n          ['D\u00e9cada', 'Hombres', 'Mujeres'],\n          ['1900s', 0.01, 0.00],['1910s', 0.07, 0.03],['1920s', 0.02, 0.01],['1930s', 0.01, 0.01],['1960s', 0.66, 0.53],['1970s', 3.32, 0.13],['1980s', 4.74, 0.00],['1990s', 5.86, 0.22],['2000s', 7.02, 0.28],['2010s', 19.61, 2.97],['2020s', 6.67, 0.19]        ]);\n\n        var options = {\n          title: '',\n          curveType: 'function',\n          legend: { position: 'bottom' },\n          chartArea: { left: 40, top: 10, width: '85%', height: '70%' },\n          hAxis: { title: '' },\n          vAxis: { \n            title: '',\n            viewWindow: { min: 0, max: 25 },\n            ticks: [0, 5, 10, 15, 20, 25]\n          },\n          colors: ['#005465', '#dc3912'],\n          pointSize: 5\n        };\n\n        var chart = new google.visualization.LineChart(document.getElementById('grafica_chistes_sexo_lineas_hispano'));\n        chart.draw(data, options);\n      }\n    <\/script>\n    \n<\/div>\n<\/div><\/div><\/div><\/div><\/div><\/div>","protected":false},"excerpt":{"rendered":"<p>mostras + humoristas pa\u00edses + programas chistes sketches mon\u00f3logos ventr\u00edlocuos<\/p>\n","protected":false},"author":1,"featured_media":0,"parent":0,"menu_order":0,"comment_status":"closed","ping_status":"closed","template":"","meta":{"footnotes":""},"class_list":["post-454","page","type-page","status-publish","hentry","post"],"_links":{"self":[{"href":"https:\/\/humcor.snlt.es\/gl\/wp-json\/wp\/v2\/pages\/454","targetHints":{"allow":["GET"]}}],"collection":[{"href":"https:\/\/humcor.snlt.es\/gl\/wp-json\/wp\/v2\/pages"}],"about":[{"href":"https:\/\/humcor.snlt.es\/gl\/wp-json\/wp\/v2\/types\/page"}],"author":[{"embeddable":true,"href":"https:\/\/humcor.snlt.es\/gl\/wp-json\/wp\/v2\/users\/1"}],"replies":[{"embeddable":true,"href":"https:\/\/humcor.snlt.es\/gl\/wp-json\/wp\/v2\/comments?post=454"}],"version-history":[{"count":76,"href":"https:\/\/humcor.snlt.es\/gl\/wp-json\/wp\/v2\/pages\/454\/revisions"}],"predecessor-version":[{"id":1037,"href":"https:\/\/humcor.snlt.es\/gl\/wp-json\/wp\/v2\/pages\/454\/revisions\/1037"}],"wp:attachment":[{"href":"https:\/\/humcor.snlt.es\/gl\/wp-json\/wp\/v2\/media?parent=454"}],"curies":[{"name":"wp","href":"https:\/\/api.w.org\/{rel}","templated":true}]}}