{"id":442,"date":"2025-02-08T19:57:44","date_gmt":"2025-02-08T18:57:44","guid":{"rendered":"https:\/\/humcor.snlt.es\/?page_id=442"},"modified":"2025-03-29T17:58:25","modified_gmt":"2025-03-29T16:58:25","slug":"doina-repede","status":"publish","type":"page","link":"https:\/\/humcor.snlt.es\/gl\/team\/doina-repede\/","title":{"rendered":"Doina Repede"},"content":{"rendered":"<div id=\"pl-442\"  class=\"panel-layout\" ><div id=\"pg-442-0\"  class=\"panel-grid panel-no-style\" ><div id=\"pgc-442-0-0\"  class=\"panel-grid-cell\" ><div id=\"panel-442-0-0-0\" class=\"so-panel widget widget_sow-image panel-first-child panel-last-child\" data-index=\"0\" ><div class=\"panel-widget-style panel-widget-style-for-442-0-0-0\" ><div\n\t\t\t\n\t\t\tclass=\"so-widget-sow-image so-widget-sow-image-default-8b5b6f678277-442\"\n\t\t\t\n\t\t>\n<div class=\"sow-image-container\">\n\t\t<img \n\tsrc=\"https:\/\/humcor.snlt.es\/wp-content\/uploads\/2025\/03\/341.jpg\" width=\"1922\" height=\"1899\" srcset=\"https:\/\/humcor.snlt.es\/wp-content\/uploads\/2025\/03\/341.jpg 1922w, https:\/\/humcor.snlt.es\/wp-content\/uploads\/2025\/03\/341-300x296.jpg 300w, https:\/\/humcor.snlt.es\/wp-content\/uploads\/2025\/03\/341-1024x1012.jpg 1024w, https:\/\/humcor.snlt.es\/wp-content\/uploads\/2025\/03\/341-768x759.jpg 768w, https:\/\/humcor.snlt.es\/wp-content\/uploads\/2025\/03\/341-1536x1518.jpg 1536w\" sizes=\"(max-width: 1922px) 100vw, 1922px\" alt=\"\" \t\tclass=\"so-widget-image\"\/>\n\t<\/div>\n\n<\/div><\/div><\/div><\/div><div id=\"pgc-442-0-1\"  class=\"panel-grid-cell\" ><div id=\"panel-442-0-1-0\" class=\"so-panel widget widget_sow-editor panel-first-child panel-last-child\" data-index=\"1\" ><div class=\"panel-widget-style panel-widget-style-for-442-0-1-0\" ><div\n\t\t\t\n\t\t\tclass=\"so-widget-sow-editor so-widget-sow-editor-base\"\n\t\t\t\n\t\t>\n<div class=\"siteorigin-widget-tinymce textwidget\">\n\t<p class=\"\" data-start=\"91\" data-end=\"519\">Licenciada en Filolox\u00eda Hisp\u00e1nica pola Universidade de Bucarest (2003-2007). Mestrado oficial en Ensino do Espa\u00f1ol como Lingua Estranxeira (2007-2008) pola Universidade Pablo de Olavide. Mestrado en Ling\u00fc\u00edstica da Enunciaci\u00f3n e a s\u00faa aplicaci\u00f3n ao estudo e investigaci\u00f3n da Lingua Espa\u00f1ola (2009-2010) e Doutora en Filolox\u00eda Hisp\u00e1nica (2015) pola Universidade de Sevilla. Actualmente, \u00e9 Profesora Axudante Doutora no departamento de Lingua Espa\u00f1ola da Universidade de Granada. As s\u00faas li\u00f1as de investigaci\u00f3n c\u00e9ntranse en sintaxe, an\u00e1lise do discurso, ensino do espa\u00f1ol como lingua estranxeira (ELE), socioling\u00fc\u00edstica e ling\u00fc\u00edstica de corpus. Publicou numerosos artigos e cap\u00edtulos de libros e dedicou parte do seu traballo \u00e1 edici\u00f3n de corpus como o manuscrito <em data-start=\"761\" data-end=\"816\">El Espa\u00f1ol Hablado en Sevilla. Corpus PRESEEA-Sevilla<\/em> (tres volumes) e o <em data-start=\"836\" data-end=\"922\">Corpus oral para o estudo socioling\u00fc\u00edstico de falantes peruanos na cidade de Sevilla<\/em>. As\u00ed mesmo, participou no dese\u00f1o e desenvolvemento de corpus informatizados, como o <em data-start=\"1007\" data-end=\"1077\">Corpus oral do espa\u00f1ol dos migrantes residentes na cidade de Sevilla<\/em> (<a class=\"\" href=\"https:\/\/corpusmigrasev.snlt.es\/\" target=\"_new\" rel=\"noopener\" data-start=\"1079\" data-end=\"1145\">https:\/\/corpusmigrasev.snlt.es\/<\/a>). Forma parte do grupo Socioling\u00fc\u00edstica Andaluza: Estudo Socioling\u00fc\u00edstico do Fala de Sevilla na Universidade de Sevilla, onde desenvolve a s\u00faa actividade investigadora dentro do proxecto ECOS-LASPASE. Estudo dos condicionantes sociais do espa\u00f1ol actual en Las Palmas de Gran Canaria e Sevilla: novas identidades, novos retos, novas soluci\u00f3ns. Pertence a diversas redes de investigaci\u00f3n internacionais, entre elas, o Proxecto PRESEEA.<\/p>\n<p>&nbsp;<\/p>\n<p>&nbsp;<\/p>\n<\/div>\n<\/div><\/div><\/div><\/div><\/div><\/div>","protected":false},"excerpt":{"rendered":"<p>Licenciada en Filolox\u00eda Hisp\u00e1nica pola Universidade de Bucarest (2003-2007). Mestrado oficial en Ensino do Espa\u00f1ol como Lingua Estranxeira (2007-2008) pola Universidade Pablo de Olavide. Mestrado en Ling\u00fc\u00edstica da Enunciaci\u00f3n e a s\u00faa aplicaci\u00f3n ao estudo e investigaci\u00f3n da Lingua Espa\u00f1ola (2009-2010) e Doutora en Filolox\u00eda Hisp\u00e1nica (2015) pola Universidade de Sevilla. Actualmente, \u00e9 Profesora Axudante [&hellip;]<\/p>\n","protected":false},"author":1,"featured_media":0,"parent":156,"menu_order":0,"comment_status":"closed","ping_status":"closed","template":"","meta":{"footnotes":""},"class_list":["post-442","page","type-page","status-publish","hentry","post"],"_links":{"self":[{"href":"https:\/\/humcor.snlt.es\/gl\/wp-json\/wp\/v2\/pages\/442","targetHints":{"allow":["GET"]}}],"collection":[{"href":"https:\/\/humcor.snlt.es\/gl\/wp-json\/wp\/v2\/pages"}],"about":[{"href":"https:\/\/humcor.snlt.es\/gl\/wp-json\/wp\/v2\/types\/page"}],"author":[{"embeddable":true,"href":"https:\/\/humcor.snlt.es\/gl\/wp-json\/wp\/v2\/users\/1"}],"replies":[{"embeddable":true,"href":"https:\/\/humcor.snlt.es\/gl\/wp-json\/wp\/v2\/comments?post=442"}],"version-history":[{"count":8,"href":"https:\/\/humcor.snlt.es\/gl\/wp-json\/wp\/v2\/pages\/442\/revisions"}],"predecessor-version":[{"id":674,"href":"https:\/\/humcor.snlt.es\/gl\/wp-json\/wp\/v2\/pages\/442\/revisions\/674"}],"up":[{"embeddable":true,"href":"https:\/\/humcor.snlt.es\/gl\/wp-json\/wp\/v2\/pages\/156"}],"wp:attachment":[{"href":"https:\/\/humcor.snlt.es\/gl\/wp-json\/wp\/v2\/media?parent=442"}],"curies":[{"name":"wp","href":"https:\/\/api.w.org\/{rel}","templated":true}]}}