{"id":34,"date":"2024-08-10T17:57:18","date_gmt":"2024-08-10T15:57:18","guid":{"rendered":"https:\/\/chiscor.snlt.es\/?page_id=34"},"modified":"2025-03-29T19:44:29","modified_gmt":"2025-03-29T18:44:29","slug":"como-buscar-en-el-corpus","status":"publish","type":"page","link":"https:\/\/humcor.snlt.es\/gl\/como-buscar-en-el-corpus\/","title":{"rendered":"Como buscar no corpus"},"content":{"rendered":"<div id=\"pl-34\"  class=\"panel-layout\" ><div id=\"pg-34-0\"  class=\"panel-grid panel-has-style\" ><div class=\"texto_justificado panel-row-style panel-row-style-for-34-0\" ><div id=\"pgc-34-0-0\"  class=\"panel-grid-cell\" ><div id=\"panel-34-0-0-0\" class=\"so-panel widget widget_sow-editor panel-first-child panel-last-child\" data-index=\"0\" ><div class=\"texto_justificado panel-widget-style panel-widget-style-for-34-0-0-0\" ><div\n\t\t\t\n\t\t\tclass=\"so-widget-sow-editor so-widget-sow-editor-base\"\n\t\t\t\n\t\t>\n<div class=\"siteorigin-widget-tinymce textwidget\">\n\t<p class=\"\" data-start=\"0\" data-end=\"235\">Na secci\u00f3n <a href=\"https:\/\/humcor.snlt.es\/gl\/corpus-completo\/\" target=\"_blank\" rel=\"noopener\"><span style=\"color: #0000ff;\">CONSULTA B\u00c1SICA<\/span><\/a>, o usuario ten a posibilidade de introducir a secuencia de caracteres que desexa localizar dentro do corpus. O sistema de busca de Humcor permite localizar contido nas transcrici\u00f3ns de tres xeitos principais:<\/p>\n<ol>\n<li data-start=\"239\" data-end=\"491\"><em>Busca exacta<\/em>. O texto introducido b\u00fascase tal e como aparece na transcrici\u00f3n, respectando o orde e a forma na que est\u00e1 escrito. Por exemplo, se se busca \"Se lo comieron\", un resultado poder\u00eda ser \"Le dieron dos o tres vueltas, se lo comieron todo\".<\/li>\n<li data-start=\"239\" data-end=\"491\"><em>Busca con todas as palabras en calquera orde<\/em>. Todas as palabras inclu\u00eddas na busca deben aparecer na transcrici\u00f3n, pero non \u00e9 necesario que estean no mesmo orde nin sexan contiguas. Por exemplo, se se busca \"ni\u00f1o padre\", un resultado v\u00e1lido poder\u00eda ser \"Un ni\u00f1o que se va al padre\".<\/li>\n<li data-start=\"239\" data-end=\"491\"><em>Busca parcial<\/em>. Non \u00e9 obrigatorio que todas as palabras inclu\u00eddas na busca estean presentes na transcrici\u00f3n. Se se busca \"ni\u00f1o madre\", os resultados poden inclu\u00edr \"\u00bfQu\u00e9 quieres, ni\u00f1o?\", \"Cuando nac\u00ed, mi madre le dijo\".<\/li>\n<\/ol>\n<p class=\"\" data-start=\"1014\" data-end=\"1567\">Na secci\u00f3n de <a href=\"https:\/\/humcor.snlt.es\/gl\/corpus-completo\/\" target=\"_blank\" rel=\"noopener\"><span style=\"color: #0000ff;\">FILTROS AVANZADOS<\/span><\/a>, p\u00f3dense aplicar criterios de clasificaci\u00f3n en tres categor\u00edas principais: o programa (tipo de programa, medio de transmisi\u00f3n ou o ano), as caracter\u00edsticas do falante (sexo, xeraci\u00f3n, orixe e, se se d\u00e1 o caso, o nome e a profesi\u00f3n) e o texto humor\u00edstico (tem\u00e1tica, presenza ou non de xestos, etc.). Os resultados da consulta ofrecer\u00e1n unha lista de textos humor\u00edsticos con opci\u00f3ns para visualizar a transcrici\u00f3n, reproducir o v\u00eddeo ou audio correspondente e descargar o arquivo de texto a trav\u00e9s do \u00edcono de descarga.<\/p>\n<\/div>\n<\/div><\/div><\/div><\/div><\/div><\/div><\/div>","protected":false},"excerpt":{"rendered":"<p>Na secci\u00f3n CONSULTA B\u00c1SICA, o usuario ten a posibilidade de introducir a secuencia de caracteres que desexa localizar dentro do corpus. O sistema de busca de Humcor permite localizar contido nas transcrici\u00f3ns de tres xeitos principais: Busca exacta. O texto introducido b\u00fascase tal e como aparece na transcrici\u00f3n, respectando o orde e a forma na [&hellip;]<\/p>\n","protected":false},"author":1,"featured_media":0,"parent":0,"menu_order":0,"comment_status":"closed","ping_status":"closed","template":"","meta":{"footnotes":""},"class_list":["post-34","page","type-page","status-publish","hentry","post"],"_links":{"self":[{"href":"https:\/\/humcor.snlt.es\/gl\/wp-json\/wp\/v2\/pages\/34","targetHints":{"allow":["GET"]}}],"collection":[{"href":"https:\/\/humcor.snlt.es\/gl\/wp-json\/wp\/v2\/pages"}],"about":[{"href":"https:\/\/humcor.snlt.es\/gl\/wp-json\/wp\/v2\/types\/page"}],"author":[{"embeddable":true,"href":"https:\/\/humcor.snlt.es\/gl\/wp-json\/wp\/v2\/users\/1"}],"replies":[{"embeddable":true,"href":"https:\/\/humcor.snlt.es\/gl\/wp-json\/wp\/v2\/comments?post=34"}],"version-history":[{"count":22,"href":"https:\/\/humcor.snlt.es\/gl\/wp-json\/wp\/v2\/pages\/34\/revisions"}],"predecessor-version":[{"id":696,"href":"https:\/\/humcor.snlt.es\/gl\/wp-json\/wp\/v2\/pages\/34\/revisions\/696"}],"wp:attachment":[{"href":"https:\/\/humcor.snlt.es\/gl\/wp-json\/wp\/v2\/media?parent=34"}],"curies":[{"name":"wp","href":"https:\/\/api.w.org\/{rel}","templated":true}]}}