{"id":442,"date":"2025-02-08T19:57:44","date_gmt":"2025-02-08T18:57:44","guid":{"rendered":"https:\/\/humcor.snlt.es\/?page_id=442"},"modified":"2025-03-29T17:58:25","modified_gmt":"2025-03-29T16:58:25","slug":"doina-repede","status":"publish","type":"page","link":"https:\/\/humcor.snlt.es\/en\/team\/doina-repede\/","title":{"rendered":"Doina Repede"},"content":{"rendered":"<div id=\"pl-442\"  class=\"panel-layout\" ><div id=\"pg-442-0\"  class=\"panel-grid panel-no-style\" ><div id=\"pgc-442-0-0\"  class=\"panel-grid-cell\" ><div id=\"panel-442-0-0-0\" class=\"so-panel widget widget_sow-image panel-first-child panel-last-child\" data-index=\"0\" ><div class=\"panel-widget-style panel-widget-style-for-442-0-0-0\" ><div\n\t\t\t\n\t\t\tclass=\"so-widget-sow-image so-widget-sow-image-default-8b5b6f678277-442\"\n\t\t\t\n\t\t>\n<div class=\"sow-image-container\">\n\t\t<img \n\tsrc=\"https:\/\/humcor.snlt.es\/wp-content\/uploads\/2025\/03\/341.jpg\" width=\"1922\" height=\"1899\" srcset=\"https:\/\/humcor.snlt.es\/wp-content\/uploads\/2025\/03\/341.jpg 1922w, https:\/\/humcor.snlt.es\/wp-content\/uploads\/2025\/03\/341-300x296.jpg 300w, https:\/\/humcor.snlt.es\/wp-content\/uploads\/2025\/03\/341-1024x1012.jpg 1024w, https:\/\/humcor.snlt.es\/wp-content\/uploads\/2025\/03\/341-768x759.jpg 768w, https:\/\/humcor.snlt.es\/wp-content\/uploads\/2025\/03\/341-1536x1518.jpg 1536w\" sizes=\"(max-width: 1922px) 100vw, 1922px\" alt=\"\" \t\tclass=\"so-widget-image\"\/>\n\t<\/div>\n\n<\/div><\/div><\/div><\/div><div id=\"pgc-442-0-1\"  class=\"panel-grid-cell\" ><div id=\"panel-442-0-1-0\" class=\"so-panel widget widget_sow-editor panel-first-child panel-last-child\" data-index=\"1\" ><div class=\"panel-widget-style panel-widget-style-for-442-0-1-0\" ><div\n\t\t\t\n\t\t\tclass=\"so-widget-sow-editor so-widget-sow-editor-base\"\n\t\t\t\n\t\t>\n<div class=\"siteorigin-widget-tinymce textwidget\">\n\t<p>Bachelor\u2019s Degree in Hispanic Philology from the University of Bucharest (2003-2007). Official Master's Degree in Teaching Spanish as a Foreign Language (2007-2008) from the Pablo de Olavide University. Master\u2019s Degree in <em>Enunciative Linguistics and its Application to the Study and Research of the Spanish Language<\/em> (2009-2010) and PhD in Hispanic Philology (2015) from the University of Seville. She is currently an Assistant Professor in the Department of Spanish Language at the University of Granada. Her research focuses on syntax, discourse analysis, Spanish as a Foreign Language (ELE) teaching, sociolinguistics, and corpus linguistics. She has published numerous articles and book chapters and has dedicated part of her work to corpus editing, such as the manuscript <em>El Espa\u00f1ol Hablado en Sevilla. Corpus PRESEEA-Sevilla<\/em> (three volumes) and the <em>Corpus oral para el estudio socioling\u00fc\u00edstico de hablantes peruanos en la ciudad de Sevilla<\/em>. Additionally, she has participated in the design and development of digital corpora, such as the <em>Corpus oral del espa\u00f1ol de los migrantes residentes en la ciudad de Sevilla<\/em> (<a href=\"https:\/\/corpusmigrasev.snlt.es\/)\" target=\"_blank\" rel=\"noopener\">https:\/\/corpusmigrasev.snlt.es\/)<\/a>. She is a member of the research group <em>Socioling\u00fc\u00edstica Andaluza:<i> Estudio Socioling\u00fc\u00edstico del Habla de Sevilla<\/i><\/em>\u00a0at the University of Seville, where she conducts research as part of the ECOS-LASPASE project (Study of the Social Determinants of Contemporary Spanish in Las Palmas de Gran Canaria and Seville: New Identities, New Challenges, New Solutions). She is also part of various international research networks, including the PRESEEA Project.<\/p>\n<p>&nbsp;<\/p>\n<p>&nbsp;<\/p>\n<\/div>\n<\/div><\/div><\/div><\/div><\/div><\/div>","protected":false},"excerpt":{"rendered":"<p>Bachelor\u2019s Degree in Hispanic Philology from the University of Bucharest (2003-2007). Official Master&#8217;s Degree in Teaching Spanish as a Foreign Language (2007-2008) from the Pablo de Olavide University. Master\u2019s Degree in Enunciative Linguistics and its Application to the Study and Research of the Spanish Language (2009-2010) and PhD in Hispanic Philology (2015) from the University [&hellip;]<\/p>\n","protected":false},"author":1,"featured_media":0,"parent":156,"menu_order":0,"comment_status":"closed","ping_status":"closed","template":"","meta":{"footnotes":""},"class_list":["post-442","page","type-page","status-publish","hentry","post"],"_links":{"self":[{"href":"https:\/\/humcor.snlt.es\/en\/wp-json\/wp\/v2\/pages\/442","targetHints":{"allow":["GET"]}}],"collection":[{"href":"https:\/\/humcor.snlt.es\/en\/wp-json\/wp\/v2\/pages"}],"about":[{"href":"https:\/\/humcor.snlt.es\/en\/wp-json\/wp\/v2\/types\/page"}],"author":[{"embeddable":true,"href":"https:\/\/humcor.snlt.es\/en\/wp-json\/wp\/v2\/users\/1"}],"replies":[{"embeddable":true,"href":"https:\/\/humcor.snlt.es\/en\/wp-json\/wp\/v2\/comments?post=442"}],"version-history":[{"count":8,"href":"https:\/\/humcor.snlt.es\/en\/wp-json\/wp\/v2\/pages\/442\/revisions"}],"predecessor-version":[{"id":674,"href":"https:\/\/humcor.snlt.es\/en\/wp-json\/wp\/v2\/pages\/442\/revisions\/674"}],"up":[{"embeddable":true,"href":"https:\/\/humcor.snlt.es\/en\/wp-json\/wp\/v2\/pages\/156"}],"wp:attachment":[{"href":"https:\/\/humcor.snlt.es\/en\/wp-json\/wp\/v2\/media?parent=442"}],"curies":[{"name":"wp","href":"https:\/\/api.w.org\/{rel}","templated":true}]}}