{"id":442,"date":"2025-02-08T19:57:44","date_gmt":"2025-02-08T18:57:44","guid":{"rendered":"https:\/\/humcor.snlt.es\/?page_id=442"},"modified":"2025-03-29T17:58:25","modified_gmt":"2025-03-29T16:58:25","slug":"doina-repede","status":"publish","type":"page","link":"https:\/\/humcor.snlt.es\/ca\/team\/doina-repede\/","title":{"rendered":"Doina Repede"},"content":{"rendered":"<div id=\"pl-442\"  class=\"panel-layout\" ><div id=\"pg-442-0\"  class=\"panel-grid panel-no-style\" ><div id=\"pgc-442-0-0\"  class=\"panel-grid-cell\" ><div id=\"panel-442-0-0-0\" class=\"so-panel widget widget_sow-image panel-first-child panel-last-child\" data-index=\"0\" ><div class=\"panel-widget-style panel-widget-style-for-442-0-0-0\" ><div\n\t\t\t\n\t\t\tclass=\"so-widget-sow-image so-widget-sow-image-default-8b5b6f678277-442\"\n\t\t\t\n\t\t>\n<div class=\"sow-image-container\">\n\t\t<img \n\tsrc=\"https:\/\/humcor.snlt.es\/wp-content\/uploads\/2025\/03\/341.jpg\" width=\"1922\" height=\"1899\" srcset=\"https:\/\/humcor.snlt.es\/wp-content\/uploads\/2025\/03\/341.jpg 1922w, https:\/\/humcor.snlt.es\/wp-content\/uploads\/2025\/03\/341-300x296.jpg 300w, https:\/\/humcor.snlt.es\/wp-content\/uploads\/2025\/03\/341-1024x1012.jpg 1024w, https:\/\/humcor.snlt.es\/wp-content\/uploads\/2025\/03\/341-768x759.jpg 768w, https:\/\/humcor.snlt.es\/wp-content\/uploads\/2025\/03\/341-1536x1518.jpg 1536w\" sizes=\"(max-width: 1922px) 100vw, 1922px\" alt=\"\" \t\tclass=\"so-widget-image\"\/>\n\t<\/div>\n\n<\/div><\/div><\/div><\/div><div id=\"pgc-442-0-1\"  class=\"panel-grid-cell\" ><div id=\"panel-442-0-1-0\" class=\"so-panel widget widget_sow-editor panel-first-child panel-last-child\" data-index=\"1\" ><div class=\"panel-widget-style panel-widget-style-for-442-0-1-0\" ><div\n\t\t\t\n\t\t\tclass=\"so-widget-sow-editor so-widget-sow-editor-base\"\n\t\t\t\n\t\t>\n<div class=\"siteorigin-widget-tinymce textwidget\">\n\t<p class=\"\" data-start=\"91\" data-end=\"519\">Llicenciada en Filologia Hisp\u00e0nica per la Universitat de Bucarest (2003-2007). M\u00e0ster oficial en Ensenyament de l'Espanyol com a Llengua Estrangera (2007-2008) per la Universitat Pablo de Olavide. M\u00e0ster en Ling\u00fc\u00edstica de l'Enunciaci\u00f3 i la seva aplicaci\u00f3 a l'estudi i recerca de la Llengua Espanyola (2009-2010) i Doctora en Filologia Hisp\u00e0nica (2015) per la Universitat de Sevilla. Actualment, \u00e9s Professora Adjunta Doctora al departament de Llengua Espanyola de la Universitat de Granada. Les seves l\u00ednies de recerca se centren en sintaxi, an\u00e0lisi del discurs, ensenyament de l'espanyol com a llengua estrangera (ELE), socioling\u00fc\u00edstica i ling\u00fc\u00edstica de corpus. Ha publicat nombrosos articles i cap\u00edtols de llibres i ha dedicat part del seu treball a l'edici\u00f3 de corpus com el manuscrit <em data-start=\"788\" data-end=\"843\">El Espa\u00f1ol Hablado en Sevilla. Corpus PRESEEA-Sevilla<\/em> (tres volums) i el <em data-start=\"863\" data-end=\"950\">Corpus oral per a l'estudi socioling\u00fc\u00edstic de parlants peruans a la ciutat de Sevilla<\/em>. Aix\u00ed mateix, ha participat en el disseny i desenvolupament de corpus informatitzats, com el <em data-start=\"1044\" data-end=\"1118\">Corpus oral de l'espanyol dels migrants residents a la ciutat de Sevilla<\/em> (<a class=\"\" href=\"https:\/\/corpusmigrasev.snlt.es\/\" target=\"_new\" rel=\"noopener\" data-start=\"1120\" data-end=\"1186\">https:\/\/corpusmigrasev.snlt.es\/<\/a>). Forma part del grup Socioling\u00fc\u00edstica Andaluza: Estudi Socioling\u00fc\u00edstic de la Parlada de Sevilla a la Universitat de Sevilla, on desenvolupa la seva activitat investigadora dins del projecte ECOS-LASPASE. Estudi dels condicionants socials de l'espanyol actual a Las Palmas de Gran Can\u00e0ria i Sevilla: noves identitats, nous reptes, noves solucions. Pertany a diverses xarxes d'investigaci\u00f3 internacionals, entre elles, el Projecte PRESEEA.<\/p>\n<p>&nbsp;<\/p>\n<p>&nbsp;<\/p>\n<\/div>\n<\/div><\/div><\/div><\/div><\/div><\/div>","protected":false},"excerpt":{"rendered":"<p>Llicenciada en Filologia Hisp\u00e0nica per la Universitat de Bucarest (2003-2007). M\u00e0ster oficial en Ensenyament de l&#8217;Espanyol com a Llengua Estrangera (2007-2008) per la Universitat Pablo de Olavide. M\u00e0ster en Ling\u00fc\u00edstica de l&#8217;Enunciaci\u00f3 i la seva aplicaci\u00f3 a l&#8217;estudi i recerca de la Llengua Espanyola (2009-2010) i Doctora en Filologia Hisp\u00e0nica (2015) per la Universitat de [&hellip;]<\/p>\n","protected":false},"author":1,"featured_media":0,"parent":156,"menu_order":0,"comment_status":"closed","ping_status":"closed","template":"","meta":{"footnotes":""},"class_list":["post-442","page","type-page","status-publish","hentry","post"],"_links":{"self":[{"href":"https:\/\/humcor.snlt.es\/ca\/wp-json\/wp\/v2\/pages\/442","targetHints":{"allow":["GET"]}}],"collection":[{"href":"https:\/\/humcor.snlt.es\/ca\/wp-json\/wp\/v2\/pages"}],"about":[{"href":"https:\/\/humcor.snlt.es\/ca\/wp-json\/wp\/v2\/types\/page"}],"author":[{"embeddable":true,"href":"https:\/\/humcor.snlt.es\/ca\/wp-json\/wp\/v2\/users\/1"}],"replies":[{"embeddable":true,"href":"https:\/\/humcor.snlt.es\/ca\/wp-json\/wp\/v2\/comments?post=442"}],"version-history":[{"count":8,"href":"https:\/\/humcor.snlt.es\/ca\/wp-json\/wp\/v2\/pages\/442\/revisions"}],"predecessor-version":[{"id":674,"href":"https:\/\/humcor.snlt.es\/ca\/wp-json\/wp\/v2\/pages\/442\/revisions\/674"}],"up":[{"embeddable":true,"href":"https:\/\/humcor.snlt.es\/ca\/wp-json\/wp\/v2\/pages\/156"}],"wp:attachment":[{"href":"https:\/\/humcor.snlt.es\/ca\/wp-json\/wp\/v2\/media?parent=442"}],"curies":[{"name":"wp","href":"https:\/\/api.w.org\/{rel}","templated":true}]}}