{"id":34,"date":"2024-08-10T17:57:18","date_gmt":"2024-08-10T15:57:18","guid":{"rendered":"https:\/\/chiscor.snlt.es\/?page_id=34"},"modified":"2025-03-29T19:44:29","modified_gmt":"2025-03-29T18:44:29","slug":"como-buscar-en-el-corpus","status":"publish","type":"page","link":"https:\/\/humcor.snlt.es\/ca\/como-buscar-en-el-corpus\/","title":{"rendered":"Com buscar al corpus"},"content":{"rendered":"<div id=\"pl-34\"  class=\"panel-layout\" ><div id=\"pg-34-0\"  class=\"panel-grid panel-has-style\" ><div class=\"texto_justificado panel-row-style panel-row-style-for-34-0\" ><div id=\"pgc-34-0-0\"  class=\"panel-grid-cell\" ><div id=\"panel-34-0-0-0\" class=\"so-panel widget widget_sow-editor panel-first-child panel-last-child\" data-index=\"0\" ><div class=\"texto_justificado panel-widget-style panel-widget-style-for-34-0-0-0\" ><div\n\t\t\t\n\t\t\tclass=\"so-widget-sow-editor so-widget-sow-editor-base\"\n\t\t\t\n\t\t>\n<div class=\"siteorigin-widget-tinymce textwidget\">\n\t<p>A la secci\u00f3 <a href=\"https:\/\/humcor.snlt.es\/corpus-completo\/\" target=\"_blank\" rel=\"noopener\"><span style=\"color: #0000ff;\">CONSULTA B\u00c0SICA<\/span><\/a>, l'usuari t\u00e9 la possibilitat d'introduir la seq\u00fc\u00e8ncia de car\u00e0cters que vol localitzar dins del corpus. El sistema de cerca de Humcor permet localitzar contingut en les transcripcions de tres maneres principals:<\/p>\n<ol>\n<li><em>Cerca exacta<\/em>. El text introdu\u00eft es cerca tal com apareix a la transcripci\u00f3, respectant l'ordre i la forma en qu\u00e8 est\u00e0 escrit. Per exemple, si es busca \"Se lo comieron\", un resultat podria ser \"Li van donar dues o tres voltes, se lo van menjar tot\".<\/li>\n<li><em>Cerca amb totes les paraules en qualsevol ordre<\/em>. Totes les paraules incloses en la cerca han d'apar\u00e8ixer a la transcripci\u00f3, per\u00f2 no \u00e9s necessari que estiguin en el mateix ordre ni siguin contig\u00fces. Per exemple, si es busca \"nen pare\", un resultat v\u00e0lid podria ser \"Un nen que se'n va al pare\".<\/li>\n<li><em>Cerca parcial<\/em>. No \u00e9s obligatori que totes les paraules incloses en la cerca estiguin presents a la transcripci\u00f3. Si es busca \"nen mare\", els resultats poden incloure \"Qu\u00e8 vols, nen?\", \"Quan vaig n\u00e9ixer, la meva mare li va dir\".<\/li>\n<\/ol>\n<p>A <a href=\"https:\/\/humcor.snlt.es\/ca\/corpus-completo\/\" target=\"_blank\" rel=\"noopener\"><span style=\"color: #0000ff;\">FILTRES AVAN\u00c7ATS<\/span><\/a>, es poden aplicar criteris de classificaci\u00f3 en tres categories principals: el programa (tipus de programa, mitj\u00e0 de transmissi\u00f3 o l'any), les caracter\u00edstiques del parlant (sexe, generaci\u00f3, origen i, si es d\u00f3na el cas, el nom i la professi\u00f3) i el text humor\u00edstic (tem\u00e0tica, pres\u00e8ncia o no de gestos, etc.). Els resultats de la consulta oferiran un llistat de textos humor\u00edstics amb opcions per visualitzar la transcripci\u00f3, reproduir el v\u00eddeo o \u00e0udio corresponent i descarregar l'arxiu de text mitjan\u00e7ant la icona de desc\u00e0rrega.<\/p>\n<\/div>\n<\/div><\/div><\/div><\/div><\/div><\/div><\/div>","protected":false},"excerpt":{"rendered":"<p>A la secci\u00f3 CONSULTA B\u00c0SICA, l&#8217;usuari t\u00e9 la possibilitat d&#8217;introduir la seq\u00fc\u00e8ncia de car\u00e0cters que vol localitzar dins del corpus. El sistema de cerca de Humcor permet localitzar contingut en les transcripcions de tres maneres principals: Cerca exacta. El text introdu\u00eft es cerca tal com apareix a la transcripci\u00f3, respectant l&#8217;ordre i la forma en [&hellip;]<\/p>\n","protected":false},"author":1,"featured_media":0,"parent":0,"menu_order":0,"comment_status":"closed","ping_status":"closed","template":"","meta":{"footnotes":""},"class_list":["post-34","page","type-page","status-publish","hentry","post"],"_links":{"self":[{"href":"https:\/\/humcor.snlt.es\/ca\/wp-json\/wp\/v2\/pages\/34","targetHints":{"allow":["GET"]}}],"collection":[{"href":"https:\/\/humcor.snlt.es\/ca\/wp-json\/wp\/v2\/pages"}],"about":[{"href":"https:\/\/humcor.snlt.es\/ca\/wp-json\/wp\/v2\/types\/page"}],"author":[{"embeddable":true,"href":"https:\/\/humcor.snlt.es\/ca\/wp-json\/wp\/v2\/users\/1"}],"replies":[{"embeddable":true,"href":"https:\/\/humcor.snlt.es\/ca\/wp-json\/wp\/v2\/comments?post=34"}],"version-history":[{"count":22,"href":"https:\/\/humcor.snlt.es\/ca\/wp-json\/wp\/v2\/pages\/34\/revisions"}],"predecessor-version":[{"id":696,"href":"https:\/\/humcor.snlt.es\/ca\/wp-json\/wp\/v2\/pages\/34\/revisions\/696"}],"wp:attachment":[{"href":"https:\/\/humcor.snlt.es\/ca\/wp-json\/wp\/v2\/media?parent=34"}],"curies":[{"name":"wp","href":"https:\/\/api.w.org\/{rel}","templated":true}]}}